{"id":65,"date":"2015-10-12T08:41:34","date_gmt":"2015-10-12T08:41:34","guid":{"rendered":"http:\/\/mabuweb.de\/?page_id=65"},"modified":"2015-10-12T08:48:04","modified_gmt":"2015-10-12T08:48:04","slug":"geschaeumt-60-g-2chf","status":"publish","type":"page","link":"https:\/\/mabuweb.de\/?page_id=65","title":{"rendered":"Gesch\u00e4umt 60 g. 2CHF"},"content":{"rendered":"<p><a href=\"http:\/\/mabuweb.de\/wp-content\/uploads\/2015\/10\/2-CHF-Gesch.jpg\"><img loading=\"lazy\" class=\"alignnone size-medium wp-image-56\" src=\"http:\/\/mabuweb.de\/wp-content\/uploads\/2015\/10\/2-CHF-Gesch-207x300.jpg\" alt=\"2 CHF Gesch\" width=\"207\" height=\"300\" srcset=\"https:\/\/mabuweb.de\/wp-content\/uploads\/2015\/10\/2-CHF-Gesch-207x300.jpg 207w, https:\/\/mabuweb.de\/wp-content\/uploads\/2015\/10\/2-CHF-Gesch.jpg 689w\" sizes=\"(max-width: 207px) 100vw, 207px\" \/><\/a><\/p>\n<p><strong>Schaumzuckerware 2.-CHF <\/strong>Inhalt: 60g \u212e<\/p>\n<p><strong>\u00a0<\/strong><\/p>\n<p>Zutaten:\u00a0Glukose- Fruktosesirup, Zucker, Wasser, Gelatine, Milcheiwei\u00df (<strong><u>MILCH<\/u><\/strong>), Aroma, Maisst\u00e4rke, Farbstoff:E100, E120, E131, E162, \u00a0E160c, E153, Dextrose, S\u00e4uerungsmittel: Citronens\u00e4ure, \u00dcberzugsmittel: Bienenwachs wei\u00df und gelb, Carnaubawachs<\/p>\n<p><strong><u>Kann Spuren von Soja enthalten!<\/u><\/strong><\/p>\n<table>\n<tbody>\n<tr>\n<td colspan=\"2\" width=\"578\">\u00a0\u00a0\u00a0\u00a0\u00a0\u00a0\u00a0\u00a0\u00a0\u00a0\u00a0\u00a0\u00a0\u00a0\u00a0\u00a0\u00a0\u00a0\u00a0\u00a0\u00a0\u00a0\u00a0\u00a0\u00a0\u00a0\u00a0\u00a0\u00a0\u00a0\u00a0\u00a0\u00a0\u00a0\u00a0\u00a0\u00a0\u00a0\u00a0\u00a0\u00a0\u00a0\u00a0\u00a0\u00a0 N\u00e4hrwertangaben pro 100g:<\/td>\n<\/tr>\n<tr>\n<td width=\"274\">Energie:<\/td>\n<td width=\"304\">1463 kJ\/345 kcal<\/td>\n<\/tr>\n<tr>\n<td width=\"274\">Fett:<\/td>\n<td width=\"304\">0,02 g<\/td>\n<\/tr>\n<tr>\n<td width=\"274\">&#8211;\u00a0\u00a0\u00a0\u00a0\u00a0\u00a0\u00a0\u00a0\u00a0 davon ges\u00e4ttigte Fetts\u00e4uren:<\/td>\n<td width=\"304\">0,02 g<\/td>\n<\/tr>\n<tr>\n<td width=\"274\">Kohlenhydrate:<\/td>\n<td width=\"304\">81,5 g<\/td>\n<\/tr>\n<tr>\n<td width=\"274\">&#8211;\u00a0\u00a0\u00a0\u00a0\u00a0\u00a0\u00a0\u00a0\u00a0 davon Zucker:<\/td>\n<td width=\"304\">71,3 g<\/td>\n<\/tr>\n<tr>\n<td width=\"274\">Eiwei\u00df:<\/td>\n<td width=\"304\">4,5 g<\/td>\n<\/tr>\n<tr>\n<td width=\"274\">Salz :<\/td>\n<td width=\"304\">0,06 g<\/td>\n<\/tr>\n<\/tbody>\n<\/table>\n","protected":false},"excerpt":{"rendered":"<p>Schaumzuckerware 2.-CHF Inhalt: 60g \u212e \u00a0 Zutaten:\u00a0Glukose- Fruktosesirup, Zucker, Wasser, Gelatine, Milcheiwei\u00df (MILCH), Aroma, Maisst\u00e4rke, Farbstoff:E100, E120, E131, E162, \u00a0E160c, E153, Dextrose, S\u00e4uerungsmittel: Citronens\u00e4ure, \u00dcberzugsmittel: Bienenwachs wei\u00df und gelb, Carnaubawachs Kann Spuren von Soja enthalten! \u00a0\u00a0\u00a0\u00a0\u00a0\u00a0\u00a0\u00a0\u00a0\u00a0\u00a0\u00a0\u00a0\u00a0\u00a0\u00a0\u00a0\u00a0\u00a0\u00a0\u00a0\u00a0\u00a0\u00a0\u00a0\u00a0\u00a0\u00a0\u00a0\u00a0\u00a0\u00a0\u00a0\u00a0\u00a0\u00a0\u00a0\u00a0\u00a0\u00a0\u00a0\u00a0\u00a0\u00a0\u00a0 N\u00e4hrwertangaben pro 100g: Energie: 1463 kJ\/345 kcal Fett: 0,02 g &#8211;\u00a0\u00a0\u00a0\u00a0\u00a0\u00a0\u00a0\u00a0\u00a0 davon ges\u00e4ttigte Fetts\u00e4uren: 0,02 g Kohlenhydrate: 81,5 g &hellip; <a href=\"https:\/\/mabuweb.de\/?page_id=65\" class=\"more-link\"><span class=\"screen-reader-text\">Gesch\u00e4umt 60 g. 2CHF<\/span> weiterlesen <span class=\"meta-nav\">&rarr;<\/span><\/a><\/p>\n","protected":false},"author":1,"featured_media":0,"parent":25,"menu_order":0,"comment_status":"closed","ping_status":"closed","template":"","meta":[],"_links":{"self":[{"href":"https:\/\/mabuweb.de\/index.php?rest_route=\/wp\/v2\/pages\/65"}],"collection":[{"href":"https:\/\/mabuweb.de\/index.php?rest_route=\/wp\/v2\/pages"}],"about":[{"href":"https:\/\/mabuweb.de\/index.php?rest_route=\/wp\/v2\/types\/page"}],"author":[{"embeddable":true,"href":"https:\/\/mabuweb.de\/index.php?rest_route=\/wp\/v2\/users\/1"}],"replies":[{"embeddable":true,"href":"https:\/\/mabuweb.de\/index.php?rest_route=%2Fwp%2Fv2%2Fcomments&post=65"}],"version-history":[{"count":1,"href":"https:\/\/mabuweb.de\/index.php?rest_route=\/wp\/v2\/pages\/65\/revisions"}],"predecessor-version":[{"id":67,"href":"https:\/\/mabuweb.de\/index.php?rest_route=\/wp\/v2\/pages\/65\/revisions\/67"}],"up":[{"embeddable":true,"href":"https:\/\/mabuweb.de\/index.php?rest_route=\/wp\/v2\/pages\/25"}],"wp:attachment":[{"href":"https:\/\/mabuweb.de\/index.php?rest_route=%2Fwp%2Fv2%2Fmedia&parent=65"}],"curies":[{"name":"wp","href":"https:\/\/api.w.org\/{rel}","templated":true}]}}