{"id":61,"date":"2015-10-12T08:38:12","date_gmt":"2015-10-12T08:38:12","guid":{"rendered":"http:\/\/mabuweb.de\/?page_id=61"},"modified":"2015-10-12T08:47:56","modified_gmt":"2015-10-12T08:47:56","slug":"sauer-150-g-3chf","status":"publish","type":"page","link":"https:\/\/mabuweb.de\/?page_id=61","title":{"rendered":"Sauer 150 g. 3CHF"},"content":{"rendered":"<p><a href=\"http:\/\/mabuweb.de\/wp-content\/uploads\/2015\/10\/3-CHF-Sauer.jpg\"><img loading=\"lazy\" class=\"alignnone size-medium wp-image-55\" src=\"http:\/\/mabuweb.de\/wp-content\/uploads\/2015\/10\/3-CHF-Sauer-212x300.jpg\" alt=\"3 CHF Sauer\" width=\"212\" height=\"300\" srcset=\"https:\/\/mabuweb.de\/wp-content\/uploads\/2015\/10\/3-CHF-Sauer-212x300.jpg 212w, https:\/\/mabuweb.de\/wp-content\/uploads\/2015\/10\/3-CHF-Sauer.jpg 706w\" sizes=\"(max-width: 212px) 100vw, 212px\" \/><\/a><\/p>\n<p><strong>Fruchtgummi sauer 3.-CHF <\/strong>Inhalt: 150g \u212e<\/p>\n<p><strong>\u00a0<\/strong><\/p>\n<p>Zutaten:\u00a0Zucker, Glukosesirup, Gelatine, Modifizierte Kartoffelst\u00e4rke, Wasser, Maisst\u00e4rke <strong><u>(MAIS)<\/u><\/strong>, S\u00e4uerungsmittel: Citronens\u00e4ure, Apfels\u00e4ure, Milchs\u00e4ure, Weins\u00e4ure, Aroma, S\u00e4ureregulator: Trinatriumcitrat, Calciumcitrate, \u00dcberzugsmittel: Carnaubawachs (E903), Feuchthaltemittel: Sorbit, Calciumcarbonat, Fruktosesirup, Farbstoff: E100, E120, E131, E141, E150c, E161b, E171, E162, E133, f\u00e4rbende Lebensmittel (Saflor, Spirulina, Curcuma, Paprika, Holunder, Brennnessel, Spinat), Apfelsaftkonzentrat, Fett pflanzlich (Palm)<\/p>\n<p><strong><u>Kann Spuren von Gluten und Soja enthalten!<\/u><\/strong><\/p>\n<table>\n<tbody>\n<tr>\n<td colspan=\"2\" width=\"578\">\u00a0\u00a0\u00a0\u00a0\u00a0\u00a0\u00a0\u00a0\u00a0\u00a0\u00a0\u00a0\u00a0\u00a0\u00a0\u00a0\u00a0\u00a0\u00a0\u00a0\u00a0\u00a0\u00a0\u00a0\u00a0\u00a0\u00a0\u00a0\u00a0\u00a0\u00a0\u00a0\u00a0\u00a0\u00a0\u00a0\u00a0\u00a0\u00a0\u00a0\u00a0\u00a0\u00a0\u00a0\u00a0 N\u00e4hrwertangaben pro 100g:<\/td>\n<\/tr>\n<tr>\n<td width=\"274\">Energie:<\/td>\n<td width=\"304\">1442 kJ\/340 kcal<\/td>\n<\/tr>\n<tr>\n<td width=\"274\">Fett:<\/td>\n<td width=\"304\">0,1 g<\/td>\n<\/tr>\n<tr>\n<td width=\"274\">&#8211;\u00a0\u00a0\u00a0\u00a0\u00a0\u00a0\u00a0\u00a0\u00a0 davon ges\u00e4ttigte Fetts\u00e4uren:<\/td>\n<td width=\"304\">0,1 g<\/td>\n<\/tr>\n<tr>\n<td width=\"274\">Kohlenhydrate:<\/td>\n<td width=\"304\">80,8 g<\/td>\n<\/tr>\n<tr>\n<td width=\"274\">&#8211;\u00a0\u00a0\u00a0\u00a0\u00a0\u00a0\u00a0\u00a0\u00a0 davon Zucker:<\/td>\n<td width=\"304\">56,9 g<\/td>\n<\/tr>\n<tr>\n<td width=\"274\">Eiwei\u00df:<\/td>\n<td width=\"304\">3,7 g<\/td>\n<\/tr>\n<tr>\n<td width=\"274\">Salz :<\/td>\n<td width=\"304\">0,12 g<\/td>\n<\/tr>\n<\/tbody>\n<\/table>\n","protected":false},"excerpt":{"rendered":"<p>Fruchtgummi sauer 3.-CHF Inhalt: 150g \u212e \u00a0 Zutaten:\u00a0Zucker, Glukosesirup, Gelatine, Modifizierte Kartoffelst\u00e4rke, Wasser, Maisst\u00e4rke (MAIS), S\u00e4uerungsmittel: Citronens\u00e4ure, Apfels\u00e4ure, Milchs\u00e4ure, Weins\u00e4ure, Aroma, S\u00e4ureregulator: Trinatriumcitrat, Calciumcitrate, \u00dcberzugsmittel: Carnaubawachs (E903), Feuchthaltemittel: Sorbit, Calciumcarbonat, Fruktosesirup, Farbstoff: E100, E120, E131, E141, E150c, E161b, E171, E162, E133, f\u00e4rbende Lebensmittel (Saflor, Spirulina, Curcuma, Paprika, Holunder, Brennnessel, Spinat), Apfelsaftkonzentrat, Fett pflanzlich (Palm) Kann &hellip; <a href=\"https:\/\/mabuweb.de\/?page_id=61\" class=\"more-link\"><span class=\"screen-reader-text\">Sauer 150 g. 3CHF<\/span> weiterlesen <span class=\"meta-nav\">&rarr;<\/span><\/a><\/p>\n","protected":false},"author":1,"featured_media":0,"parent":25,"menu_order":0,"comment_status":"closed","ping_status":"closed","template":"","meta":[],"_links":{"self":[{"href":"https:\/\/mabuweb.de\/index.php?rest_route=\/wp\/v2\/pages\/61"}],"collection":[{"href":"https:\/\/mabuweb.de\/index.php?rest_route=\/wp\/v2\/pages"}],"about":[{"href":"https:\/\/mabuweb.de\/index.php?rest_route=\/wp\/v2\/types\/page"}],"author":[{"embeddable":true,"href":"https:\/\/mabuweb.de\/index.php?rest_route=\/wp\/v2\/users\/1"}],"replies":[{"embeddable":true,"href":"https:\/\/mabuweb.de\/index.php?rest_route=%2Fwp%2Fv2%2Fcomments&post=61"}],"version-history":[{"count":1,"href":"https:\/\/mabuweb.de\/index.php?rest_route=\/wp\/v2\/pages\/61\/revisions"}],"predecessor-version":[{"id":64,"href":"https:\/\/mabuweb.de\/index.php?rest_route=\/wp\/v2\/pages\/61\/revisions\/64"}],"up":[{"embeddable":true,"href":"https:\/\/mabuweb.de\/index.php?rest_route=\/wp\/v2\/pages\/25"}],"wp:attachment":[{"href":"https:\/\/mabuweb.de\/index.php?rest_route=%2Fwp%2Fv2%2Fmedia&parent=61"}],"curies":[{"name":"wp","href":"https:\/\/api.w.org\/{rel}","templated":true}]}}