{"id":57,"date":"2015-10-12T08:32:27","date_gmt":"2015-10-12T08:32:27","guid":{"rendered":"http:\/\/mabuweb.de\/?page_id=57"},"modified":"2015-10-12T08:47:48","modified_gmt":"2015-10-12T08:47:48","slug":"sauer-100-g","status":"publish","type":"page","link":"https:\/\/mabuweb.de\/?page_id=57","title":{"rendered":"Sauer 100 g."},"content":{"rendered":"<p><a href=\"http:\/\/mabuweb.de\/wp-content\/uploads\/2015\/10\/100g-Sauer.jpg\"><img loading=\"lazy\" class=\"alignnone size-medium wp-image-54\" src=\"http:\/\/mabuweb.de\/wp-content\/uploads\/2015\/10\/100g-Sauer-232x300.jpg\" alt=\"100g Sauer\" width=\"232\" height=\"300\" srcset=\"https:\/\/mabuweb.de\/wp-content\/uploads\/2015\/10\/100g-Sauer-232x300.jpg 232w, https:\/\/mabuweb.de\/wp-content\/uploads\/2015\/10\/100g-Sauer.jpg 773w\" sizes=\"(max-width: 232px) 100vw, 232px\" \/><\/a><\/p>\n<p><strong>Fruchtgummi sauer \u00a0<\/strong>Inhalt: 100g \u212e<\/p>\n<p><strong>\u00a0<\/strong><\/p>\n<p>Zutaten: Zucker, Glukosesirup, Gelatine, Modifizierte Kartoffelst\u00e4rke, Wasser, Maisst\u00e4rke <strong><span style=\"text-decoration: underline;\">(MAIS)<\/span><\/strong>, S\u00e4uerungsmittel: Citronens\u00e4ure, Apfels\u00e4ure, Milchs\u00e4ure, Weins\u00e4ure, Aroma, S\u00e4ureregulator: Trinatriumcitrat, Calciumcitrate, \u00dcberzugsmittel: Carnaubawachs (E903), Feuchthaltemittel: Sorbit, Calciumcarbonat, Farbstoff: E100, E120, E131, E141, E161b, E171, E133, f\u00e4rbende Lebensmittel (Saflor, Spirulina, Curcuma, Paprika, Holunder, Brennnessel, Spinat), Apfelsaftkonzentrat, Fett pflanzlich (Palm)<\/p>\n<p><strong><span style=\"text-decoration: underline;\">Kann Spuren von Gluten und Soja enthalten!<\/span><\/strong><\/p>\n<table>\n<tbody>\n<tr>\n<td colspan=\"2\" width=\"578\">\u00a0\u00a0\u00a0\u00a0\u00a0\u00a0\u00a0\u00a0\u00a0\u00a0\u00a0\u00a0\u00a0\u00a0\u00a0\u00a0\u00a0\u00a0\u00a0\u00a0\u00a0\u00a0\u00a0\u00a0\u00a0\u00a0\u00a0\u00a0\u00a0\u00a0\u00a0\u00a0\u00a0\u00a0\u00a0\u00a0\u00a0\u00a0\u00a0\u00a0\u00a0\u00a0\u00a0\u00a0\u00a0 N\u00e4hrwertangaben pro 100g:<\/td>\n<\/tr>\n<tr>\n<td width=\"274\">Energie:<\/td>\n<td width=\"304\">1437 kJ\/339 kcal<\/td>\n<\/tr>\n<tr>\n<td width=\"274\">Fett:<\/td>\n<td width=\"304\">0,1 g<\/td>\n<\/tr>\n<tr>\n<td width=\"274\">&#8211;\u00a0\u00a0\u00a0\u00a0\u00a0\u00a0\u00a0\u00a0\u00a0 davon ges\u00e4ttigte Fetts\u00e4uren:<\/td>\n<td width=\"304\">0,06 g<\/td>\n<\/tr>\n<tr>\n<td width=\"274\">Kohlenhydrate:<\/td>\n<td width=\"304\">80,1 g<\/td>\n<\/tr>\n<tr>\n<td width=\"274\">&#8211;\u00a0\u00a0\u00a0\u00a0\u00a0\u00a0\u00a0\u00a0\u00a0 davon Zucker:<\/td>\n<td width=\"304\">56,4 g<\/td>\n<\/tr>\n<tr>\n<td width=\"274\">Eiwei\u00df:<\/td>\n<td width=\"304\">4 g<\/td>\n<\/tr>\n<tr>\n<td width=\"274\">Salz :<\/td>\n<td width=\"304\">0,12 g<\/td>\n<\/tr>\n<\/tbody>\n<\/table>\n","protected":false},"excerpt":{"rendered":"<p>Fruchtgummi sauer \u00a0Inhalt: 100g \u212e \u00a0 Zutaten: Zucker, Glukosesirup, Gelatine, Modifizierte Kartoffelst\u00e4rke, Wasser, Maisst\u00e4rke (MAIS), S\u00e4uerungsmittel: Citronens\u00e4ure, Apfels\u00e4ure, Milchs\u00e4ure, Weins\u00e4ure, Aroma, S\u00e4ureregulator: Trinatriumcitrat, Calciumcitrate, \u00dcberzugsmittel: Carnaubawachs (E903), Feuchthaltemittel: Sorbit, Calciumcarbonat, Farbstoff: E100, E120, E131, E141, E161b, E171, E133, f\u00e4rbende Lebensmittel (Saflor, Spirulina, Curcuma, Paprika, Holunder, Brennnessel, Spinat), Apfelsaftkonzentrat, Fett pflanzlich (Palm) Kann Spuren von Gluten &hellip; <a href=\"https:\/\/mabuweb.de\/?page_id=57\" class=\"more-link\"><span class=\"screen-reader-text\">Sauer 100 g.<\/span> weiterlesen <span class=\"meta-nav\">&rarr;<\/span><\/a><\/p>\n","protected":false},"author":1,"featured_media":0,"parent":25,"menu_order":0,"comment_status":"closed","ping_status":"closed","template":"","meta":[],"_links":{"self":[{"href":"https:\/\/mabuweb.de\/index.php?rest_route=\/wp\/v2\/pages\/57"}],"collection":[{"href":"https:\/\/mabuweb.de\/index.php?rest_route=\/wp\/v2\/pages"}],"about":[{"href":"https:\/\/mabuweb.de\/index.php?rest_route=\/wp\/v2\/types\/page"}],"author":[{"embeddable":true,"href":"https:\/\/mabuweb.de\/index.php?rest_route=\/wp\/v2\/users\/1"}],"replies":[{"embeddable":true,"href":"https:\/\/mabuweb.de\/index.php?rest_route=%2Fwp%2Fv2%2Fcomments&post=57"}],"version-history":[{"count":2,"href":"https:\/\/mabuweb.de\/index.php?rest_route=\/wp\/v2\/pages\/57\/revisions"}],"predecessor-version":[{"id":60,"href":"https:\/\/mabuweb.de\/index.php?rest_route=\/wp\/v2\/pages\/57\/revisions\/60"}],"up":[{"embeddable":true,"href":"https:\/\/mabuweb.de\/index.php?rest_route=\/wp\/v2\/pages\/25"}],"wp:attachment":[{"href":"https:\/\/mabuweb.de\/index.php?rest_route=%2Fwp%2Fv2%2Fmedia&parent=57"}],"curies":[{"name":"wp","href":"https:\/\/api.w.org\/{rel}","templated":true}]}}