{"id":43,"date":"2015-06-10T14:04:32","date_gmt":"2015-06-10T14:04:32","guid":{"rendered":"http:\/\/mabuweb.de\/?page_id=43"},"modified":"2015-06-10T14:34:29","modified_gmt":"2015-06-10T14:34:29","slug":"suess-70-g","status":"publish","type":"page","link":"https:\/\/mabuweb.de\/?page_id=43","title":{"rendered":"S\u00fc\u00df 70 g."},"content":{"rendered":"<p><a href=\"http:\/\/mabuweb.de\/wp-content\/uploads\/2015\/06\/MaBu-70g-suss.jpg\"><img loading=\"lazy\" class=\"alignnone size-medium wp-image-23\" src=\"http:\/\/mabuweb.de\/wp-content\/uploads\/2015\/06\/MaBu-70g-suss-300x200.jpg\" alt=\"MaBu 70g suss\" width=\"300\" height=\"200\" srcset=\"https:\/\/mabuweb.de\/wp-content\/uploads\/2015\/06\/MaBu-70g-suss-300x200.jpg 300w, https:\/\/mabuweb.de\/wp-content\/uploads\/2015\/06\/MaBu-70g-suss.jpg 1000w\" sizes=\"(max-width: 300px) 100vw, 300px\" \/><\/a><\/p>\n<p><strong>Fruchtgummi s\u00fc\u00df teilweise mit Cola-Geschmack \u00a0 \u00a0 \u00a0 \u00a0Inhalt: 70g \u212e<\/strong><\/p>\n<p><strong>\u00a0<\/strong><\/p>\n<p>Zutaten: Glukosesirup, Zucker, Gelatine, S\u00e4uerungsmittel: Citronens\u00e4ure, Milchs\u00e4ure, nat\u00fcrliche Aromen, f\u00e4rbende Lebensmittel (schw. Johannisbeere, Karotte, Curcuma, Paprika, Brennnessel, Spinat, S\u00fc\u00dfkartoffel, Rettich, Apfel, Saflor, Zitrone, Karamellzuckersirup), Palmkern\u00f6l, Fruchtsaft aus Fruchtsaftkonzentrat: Orange, Erdbeere, Himbeere, Zitrone, Apfel, Birne, Limette, Kirsche, Ananas, Frucht- und Pflanzenkonzentrate: Rettich, Saflor, S\u00fc\u00dfkartoffel, Karotte, Schwarze Johannisbeere, Hibiskus, Apfel, Spirulina, Zitrone, Orange, Mango, Passionsfrucht, Brennnessel, Holunderbeere, Spinat, Aronia, Traube, Kiwi, Feuchthaltemittel: Sorbit, Wasser,\u00a0Weizenst\u00e4rke (<strong><u>GLUTEN<\/u><\/strong>), Farbstoff: E131, E120, E150c, E133, E100, E141, E132, \u00dcberzugsmittel: Bienenwachs, wei\u00df und gelb, Carnaubawachs, Dextrose, Karamellsirup, Holunderbeerextrakt, Fruchts\u00fc\u00dfe aus Johannisbrotfrucht, Invertzuckersirup, Palmfett, Emulgator: Mono- und Diglyceride von Speisefetts\u00e4uren, Geliermittel: Pektin<\/p>\n<table>\n<tbody>\n<tr>\n<td colspan=\"2\" width=\"578\">\u00a0\u00a0\u00a0\u00a0\u00a0\u00a0\u00a0\u00a0\u00a0\u00a0\u00a0\u00a0\u00a0\u00a0\u00a0\u00a0\u00a0\u00a0\u00a0\u00a0\u00a0\u00a0\u00a0\u00a0\u00a0\u00a0\u00a0\u00a0\u00a0\u00a0\u00a0\u00a0\u00a0\u00a0\u00a0\u00a0\u00a0\u00a0\u00a0\u00a0\u00a0\u00a0\u00a0\u00a0\u00a0 N\u00e4hrwertangaben pro 100g:<\/td>\n<\/tr>\n<tr>\n<td width=\"274\">Energie:<\/td>\n<td width=\"304\">1438 kJ\/339 kcal<\/td>\n<\/tr>\n<tr>\n<td width=\"274\">Fett:<\/td>\n<td width=\"304\">0,6 g<\/td>\n<\/tr>\n<tr>\n<td width=\"274\">&#8211;\u00a0\u00a0\u00a0\u00a0\u00a0\u00a0\u00a0\u00a0\u00a0 davon ges\u00e4ttigte Fetts\u00e4uren:<\/td>\n<td width=\"304\">0,4 g<\/td>\n<\/tr>\n<tr>\n<td width=\"274\">Kohlenhydrate:<\/td>\n<td width=\"304\">77 g<\/td>\n<\/tr>\n<tr>\n<td width=\"274\">&#8211;\u00a0\u00a0\u00a0\u00a0\u00a0\u00a0\u00a0\u00a0\u00a0 davon Zucker:<\/td>\n<td width=\"304\">49 g<\/td>\n<\/tr>\n<tr>\n<td width=\"274\">Eiwei\u00df:<\/td>\n<td width=\"304\">5,1 g<\/td>\n<\/tr>\n<tr>\n<td width=\"274\">Salz :<\/td>\n<td width=\"304\">0,16 g<\/td>\n<\/tr>\n<\/tbody>\n<\/table>\n","protected":false},"excerpt":{"rendered":"<p>Fruchtgummi s\u00fc\u00df teilweise mit Cola-Geschmack \u00a0 \u00a0 \u00a0 \u00a0Inhalt: 70g \u212e \u00a0 Zutaten: Glukosesirup, Zucker, Gelatine, S\u00e4uerungsmittel: Citronens\u00e4ure, Milchs\u00e4ure, nat\u00fcrliche Aromen, f\u00e4rbende Lebensmittel (schw. Johannisbeere, Karotte, Curcuma, Paprika, Brennnessel, Spinat, S\u00fc\u00dfkartoffel, Rettich, Apfel, Saflor, Zitrone, Karamellzuckersirup), Palmkern\u00f6l, Fruchtsaft aus Fruchtsaftkonzentrat: Orange, Erdbeere, Himbeere, Zitrone, Apfel, Birne, Limette, Kirsche, Ananas, Frucht- und Pflanzenkonzentrate: Rettich, Saflor, S\u00fc\u00dfkartoffel, &hellip; <a href=\"https:\/\/mabuweb.de\/?page_id=43\" class=\"more-link\"><span class=\"screen-reader-text\">S\u00fc\u00df 70 g.<\/span> weiterlesen <span class=\"meta-nav\">&rarr;<\/span><\/a><\/p>\n","protected":false},"author":1,"featured_media":0,"parent":25,"menu_order":0,"comment_status":"closed","ping_status":"closed","template":"","meta":[],"_links":{"self":[{"href":"https:\/\/mabuweb.de\/index.php?rest_route=\/wp\/v2\/pages\/43"}],"collection":[{"href":"https:\/\/mabuweb.de\/index.php?rest_route=\/wp\/v2\/pages"}],"about":[{"href":"https:\/\/mabuweb.de\/index.php?rest_route=\/wp\/v2\/types\/page"}],"author":[{"embeddable":true,"href":"https:\/\/mabuweb.de\/index.php?rest_route=\/wp\/v2\/users\/1"}],"replies":[{"embeddable":true,"href":"https:\/\/mabuweb.de\/index.php?rest_route=%2Fwp%2Fv2%2Fcomments&post=43"}],"version-history":[{"count":1,"href":"https:\/\/mabuweb.de\/index.php?rest_route=\/wp\/v2\/pages\/43\/revisions"}],"predecessor-version":[{"id":45,"href":"https:\/\/mabuweb.de\/index.php?rest_route=\/wp\/v2\/pages\/43\/revisions\/45"}],"up":[{"embeddable":true,"href":"https:\/\/mabuweb.de\/index.php?rest_route=\/wp\/v2\/pages\/25"}],"wp:attachment":[{"href":"https:\/\/mabuweb.de\/index.php?rest_route=%2Fwp%2Fv2%2Fmedia&parent=43"}],"curies":[{"name":"wp","href":"https:\/\/api.w.org\/{rel}","templated":true}]}}