{"id":40,"date":"2015-06-10T14:03:52","date_gmt":"2015-06-10T14:03:52","guid":{"rendered":"http:\/\/mabuweb.de\/?page_id=40"},"modified":"2015-10-12T08:35:17","modified_gmt":"2015-10-12T08:35:17","slug":"suess-150-g-3chf","status":"publish","type":"page","link":"https:\/\/mabuweb.de\/?page_id=40","title":{"rendered":"S\u00fc\u00df 150 g. 3CHF"},"content":{"rendered":"<p><a href=\"http:\/\/mabuweb.de\/wp-content\/uploads\/2015\/06\/3-CHF-Suss.jpg\"><img loading=\"lazy\" class=\"alignnone size-medium wp-image-20\" src=\"http:\/\/mabuweb.de\/wp-content\/uploads\/2015\/06\/3-CHF-Suss-209x300.jpg\" alt=\"3 CHF Suss\" width=\"209\" height=\"300\" srcset=\"https:\/\/mabuweb.de\/wp-content\/uploads\/2015\/06\/3-CHF-Suss-209x300.jpg 209w, https:\/\/mabuweb.de\/wp-content\/uploads\/2015\/06\/3-CHF-Suss.jpg 698w\" sizes=\"(max-width: 209px) 100vw, 209px\" \/><\/a><\/p>\n<p><strong>Fruchtgummi s\u00fc\u00df teilweise mit Cola-Geschmack\u00a0 3.-CHF <\/strong>Inhalt: 150g \u212e<\/p>\n<p><strong>\u00a0<\/strong><\/p>\n<p>Zutaten: Glukosesirup, Zucker, Gelatine, S\u00e4uerungsmittel: Citronens\u00e4ure, Milchs\u00e4ure, Dextrose, Aromen, f\u00e4rbendes Lebensmittel (schw. Johannisbeere, Karotte, Paprika, S\u00fc\u00dfkartoffel, Rettich, Apfel, Curcuma, Brennnessel, Spinat, Saflor, Zitrone, Karamellzuckersirup), Geliermittel: Pektin, modifizierte Kartoffelst\u00e4rke, Feuchthaltemittel: Sorbit, Farbstoffe: E120, E131, E150c, E133, E100, E141, E150d, E171, E153, Palmkern\u00f6l, Kokosnuss\u00f6l, \u00dcberzugsmittel: Bienenwachs, wei\u00df und gelb, Carnaubawachs, Fruchtsaft aus Fruchtsaftkonzentrat: Orange, Erdbeere, Himbeere, Zitrone, Apfel, Birne, Limette, Kirsche, Ananas, Frucht- und Pflanzenkonzentrate: Rettich, Saflor, S\u00fc\u00dfkartoffel, Karotte, Schwarze Johannisbeere, Hibiskus, Apfel, Spirulina, Zitrone, Orange, Mango, Passionsfrucht, Brennnessel, Holunderbeere, Spinat, Aronia, Traube, Kiwi, Karamellsirup, Holunderbeerextrakt, Fruchts\u00fc\u00dfe aus Johannisbrotfrucht, Invertzuckersirup.<\/p>\n<table>\n<tbody>\n<tr>\n<td colspan=\"2\" width=\"578\">\u00a0\u00a0\u00a0\u00a0\u00a0\u00a0\u00a0\u00a0\u00a0\u00a0\u00a0\u00a0\u00a0\u00a0\u00a0\u00a0\u00a0\u00a0\u00a0\u00a0\u00a0\u00a0\u00a0\u00a0\u00a0\u00a0\u00a0\u00a0\u00a0\u00a0\u00a0\u00a0\u00a0\u00a0\u00a0\u00a0\u00a0\u00a0\u00a0\u00a0\u00a0\u00a0\u00a0\u00a0\u00a0 N\u00e4hrwertangaben pro 100g:<\/td>\n<\/tr>\n<tr>\n<td width=\"274\">Energie:<\/td>\n<td width=\"304\">1451 kJ\/342 kcal<\/td>\n<\/tr>\n<tr>\n<td width=\"274\">Fett:<\/td>\n<td width=\"304\">0,12 g<\/td>\n<\/tr>\n<tr>\n<td width=\"274\">&#8211;\u00a0\u00a0\u00a0\u00a0\u00a0\u00a0\u00a0\u00a0\u00a0 davon ges\u00e4ttigte Fetts\u00e4uren:<\/td>\n<td width=\"304\">0,08 g<\/td>\n<\/tr>\n<tr>\n<td width=\"274\">Kohlenhydrate:<\/td>\n<td width=\"304\">78,6 g<\/td>\n<\/tr>\n<tr>\n<td width=\"274\">&#8211;\u00a0\u00a0\u00a0\u00a0\u00a0\u00a0\u00a0\u00a0\u00a0 davon Zucker:<\/td>\n<td width=\"304\">51,7 g<\/td>\n<\/tr>\n<tr>\n<td width=\"274\">Eiwei\u00df:<\/td>\n<td width=\"304\">5,9 g<\/td>\n<\/tr>\n<tr>\n<td width=\"274\">Salz :<\/td>\n<td width=\"304\">0,13 g<\/td>\n<\/tr>\n<\/tbody>\n<\/table>\n","protected":false},"excerpt":{"rendered":"<p>Fruchtgummi s\u00fc\u00df teilweise mit Cola-Geschmack\u00a0 3.-CHF Inhalt: 150g \u212e \u00a0 Zutaten: Glukosesirup, Zucker, Gelatine, S\u00e4uerungsmittel: Citronens\u00e4ure, Milchs\u00e4ure, Dextrose, Aromen, f\u00e4rbendes Lebensmittel (schw. Johannisbeere, Karotte, Paprika, S\u00fc\u00dfkartoffel, Rettich, Apfel, Curcuma, Brennnessel, Spinat, Saflor, Zitrone, Karamellzuckersirup), Geliermittel: Pektin, modifizierte Kartoffelst\u00e4rke, Feuchthaltemittel: Sorbit, Farbstoffe: E120, E131, E150c, E133, E100, E141, E150d, E171, E153, Palmkern\u00f6l, Kokosnuss\u00f6l, \u00dcberzugsmittel: Bienenwachs, wei\u00df &hellip; <a href=\"https:\/\/mabuweb.de\/?page_id=40\" class=\"more-link\"><span class=\"screen-reader-text\">S\u00fc\u00df 150 g. 3CHF<\/span> weiterlesen <span class=\"meta-nav\">&rarr;<\/span><\/a><\/p>\n","protected":false},"author":1,"featured_media":0,"parent":25,"menu_order":0,"comment_status":"closed","ping_status":"closed","template":"","meta":[],"_links":{"self":[{"href":"https:\/\/mabuweb.de\/index.php?rest_route=\/wp\/v2\/pages\/40"}],"collection":[{"href":"https:\/\/mabuweb.de\/index.php?rest_route=\/wp\/v2\/pages"}],"about":[{"href":"https:\/\/mabuweb.de\/index.php?rest_route=\/wp\/v2\/types\/page"}],"author":[{"embeddable":true,"href":"https:\/\/mabuweb.de\/index.php?rest_route=\/wp\/v2\/users\/1"}],"replies":[{"embeddable":true,"href":"https:\/\/mabuweb.de\/index.php?rest_route=%2Fwp%2Fv2%2Fcomments&post=40"}],"version-history":[{"count":3,"href":"https:\/\/mabuweb.de\/index.php?rest_route=\/wp\/v2\/pages\/40\/revisions"}],"predecessor-version":[{"id":62,"href":"https:\/\/mabuweb.de\/index.php?rest_route=\/wp\/v2\/pages\/40\/revisions\/62"}],"up":[{"embeddable":true,"href":"https:\/\/mabuweb.de\/index.php?rest_route=\/wp\/v2\/pages\/25"}],"wp:attachment":[{"href":"https:\/\/mabuweb.de\/index.php?rest_route=%2Fwp%2Fv2%2Fmedia&parent=40"}],"curies":[{"name":"wp","href":"https:\/\/api.w.org\/{rel}","templated":true}]}}