{"id":37,"date":"2015-06-10T14:03:07","date_gmt":"2015-06-10T14:03:07","guid":{"rendered":"http:\/\/mabuweb.de\/?page_id=37"},"modified":"2015-06-10T14:34:18","modified_gmt":"2015-06-10T14:34:18","slug":"suess-100-g-2chf","status":"publish","type":"page","link":"https:\/\/mabuweb.de\/?page_id=37","title":{"rendered":"S\u00fc\u00df 100 g. 2CHF"},"content":{"rendered":"<p><a href=\"http:\/\/mabuweb.de\/wp-content\/uploads\/2015\/06\/2-CHF-Suss.jpg\"><img loading=\"lazy\" class=\"alignnone size-medium wp-image-21\" src=\"http:\/\/mabuweb.de\/wp-content\/uploads\/2015\/06\/2-CHF-Suss-248x300.jpg\" alt=\"2 CHF Suss\" width=\"248\" height=\"300\" srcset=\"https:\/\/mabuweb.de\/wp-content\/uploads\/2015\/06\/2-CHF-Suss-248x300.jpg 248w, https:\/\/mabuweb.de\/wp-content\/uploads\/2015\/06\/2-CHF-Suss.jpg 825w\" sizes=\"(max-width: 248px) 100vw, 248px\" \/><\/a><\/p>\n<p><strong>Fruchtgummi s\u00fc\u00df teilweise mit Cola-Geschmack 2.-CHF\u00a0\u00a0\u00a0 <\/strong>Inhalt: 100g \u212e<\/p>\n<p><strong>\u00a0<\/strong><\/p>\n<p>Zutaten: Glukosesirup, Zucker, Gelatine, S\u00e4uerungsmittel: Citronens\u00e4ure, Milchs\u00e4ure, Aromen, f\u00e4rbendes Lebensmittel (Paprika, schw. Johannisbeere, Karotte, Curcuma, Brennnessel, Spinat, Rettich, Saflor, S\u00fc\u00dfkartoffel, Apfel, Zitrone, Karamellzuckersirup), Farbstoffe: E120, E131, E100, E141, E150d, E171, E153, E150c, E133, Palmkern\u00f6l, Kokosnuss\u00f6l, \u00dcberzugsmittel: Bienenwachs, wei\u00df und gelb, Carnaubawachs, Feuchthaltemittel: Sorbit, modifizierte Kartoffelst\u00e4rke, Geliermittel: Pektin.<\/p>\n<table>\n<tbody>\n<tr>\n<td colspan=\"2\" width=\"578\">\u00a0\u00a0\u00a0\u00a0\u00a0\u00a0\u00a0\u00a0\u00a0\u00a0\u00a0\u00a0\u00a0\u00a0\u00a0\u00a0\u00a0\u00a0\u00a0\u00a0\u00a0\u00a0\u00a0\u00a0\u00a0\u00a0\u00a0\u00a0\u00a0\u00a0\u00a0\u00a0\u00a0\u00a0\u00a0\u00a0\u00a0\u00a0\u00a0\u00a0\u00a0\u00a0\u00a0\u00a0\u00a0 N\u00e4hrwertangaben pro 100g:<\/td>\n<\/tr>\n<tr>\n<td width=\"274\">Energie:<\/td>\n<td width=\"304\">1453 kJ\/343 kcal<\/td>\n<\/tr>\n<tr>\n<td width=\"274\">Fett:<\/td>\n<td width=\"304\">0,08 g<\/td>\n<\/tr>\n<tr>\n<td width=\"274\">&#8211;\u00a0\u00a0\u00a0\u00a0\u00a0\u00a0\u00a0\u00a0\u00a0 davon ges\u00e4ttigte Fetts\u00e4uren:<\/td>\n<td width=\"304\">0,08 g<\/td>\n<\/tr>\n<tr>\n<td width=\"274\">Kohlenhydrate:<\/td>\n<td width=\"304\">79 g<\/td>\n<\/tr>\n<tr>\n<td width=\"274\">&#8211;\u00a0\u00a0\u00a0\u00a0\u00a0\u00a0\u00a0\u00a0\u00a0 davon Zucker:<\/td>\n<td width=\"304\">51 g<\/td>\n<\/tr>\n<tr>\n<td width=\"274\">Eiwei\u00df:<\/td>\n<td width=\"304\">5,5 g<\/td>\n<\/tr>\n<tr>\n<td width=\"274\">Salz :<\/td>\n<td width=\"304\">0,14 g<\/td>\n<\/tr>\n<\/tbody>\n<\/table>\n","protected":false},"excerpt":{"rendered":"<p>Fruchtgummi s\u00fc\u00df teilweise mit Cola-Geschmack 2.-CHF\u00a0\u00a0\u00a0 Inhalt: 100g \u212e \u00a0 Zutaten: Glukosesirup, Zucker, Gelatine, S\u00e4uerungsmittel: Citronens\u00e4ure, Milchs\u00e4ure, Aromen, f\u00e4rbendes Lebensmittel (Paprika, schw. Johannisbeere, Karotte, Curcuma, Brennnessel, Spinat, Rettich, Saflor, S\u00fc\u00dfkartoffel, Apfel, Zitrone, Karamellzuckersirup), Farbstoffe: E120, E131, E100, E141, E150d, E171, E153, E150c, E133, Palmkern\u00f6l, Kokosnuss\u00f6l, \u00dcberzugsmittel: Bienenwachs, wei\u00df und gelb, Carnaubawachs, Feuchthaltemittel: Sorbit, modifizierte Kartoffelst\u00e4rke, &hellip; <a href=\"https:\/\/mabuweb.de\/?page_id=37\" class=\"more-link\"><span class=\"screen-reader-text\">S\u00fc\u00df 100 g. 2CHF<\/span> weiterlesen <span class=\"meta-nav\">&rarr;<\/span><\/a><\/p>\n","protected":false},"author":1,"featured_media":0,"parent":25,"menu_order":0,"comment_status":"closed","ping_status":"closed","template":"","meta":[],"_links":{"self":[{"href":"https:\/\/mabuweb.de\/index.php?rest_route=\/wp\/v2\/pages\/37"}],"collection":[{"href":"https:\/\/mabuweb.de\/index.php?rest_route=\/wp\/v2\/pages"}],"about":[{"href":"https:\/\/mabuweb.de\/index.php?rest_route=\/wp\/v2\/types\/page"}],"author":[{"embeddable":true,"href":"https:\/\/mabuweb.de\/index.php?rest_route=\/wp\/v2\/users\/1"}],"replies":[{"embeddable":true,"href":"https:\/\/mabuweb.de\/index.php?rest_route=%2Fwp%2Fv2%2Fcomments&post=37"}],"version-history":[{"count":1,"href":"https:\/\/mabuweb.de\/index.php?rest_route=\/wp\/v2\/pages\/37\/revisions"}],"predecessor-version":[{"id":39,"href":"https:\/\/mabuweb.de\/index.php?rest_route=\/wp\/v2\/pages\/37\/revisions\/39"}],"up":[{"embeddable":true,"href":"https:\/\/mabuweb.de\/index.php?rest_route=\/wp\/v2\/pages\/25"}],"wp:attachment":[{"href":"https:\/\/mabuweb.de\/index.php?rest_route=%2Fwp%2Fv2%2Fmedia&parent=37"}],"curies":[{"name":"wp","href":"https:\/\/api.w.org\/{rel}","templated":true}]}}