{"id":31,"date":"2015-06-10T14:00:53","date_gmt":"2015-06-10T14:00:53","guid":{"rendered":"http:\/\/mabuweb.de\/?page_id=31"},"modified":"2015-06-10T14:34:07","modified_gmt":"2015-06-10T14:34:07","slug":"sauer-70-g","status":"publish","type":"page","link":"https:\/\/mabuweb.de\/?page_id=31","title":{"rendered":"Sauer 70 g."},"content":{"rendered":"<p><a href=\"http:\/\/mabuweb.de\/wp-content\/uploads\/2015\/06\/MaBu-70g-sauer.jpg\"><img loading=\"lazy\" class=\"alignnone size-medium wp-image-24\" src=\"http:\/\/mabuweb.de\/wp-content\/uploads\/2015\/06\/MaBu-70g-sauer-300x202.jpg\" alt=\"MaBu 70g sauer\" width=\"300\" height=\"202\" srcset=\"https:\/\/mabuweb.de\/wp-content\/uploads\/2015\/06\/MaBu-70g-sauer-300x202.jpg 300w, https:\/\/mabuweb.de\/wp-content\/uploads\/2015\/06\/MaBu-70g-sauer.jpg 1000w\" sizes=\"(max-width: 300px) 100vw, 300px\" \/><\/a><\/p>\n<p><strong>Fruchtgummi sauer\u00a0\u00a0\u00a0\u00a0 \u00a0Inhalt: 70g \u212e<\/strong><\/p>\n<p><strong>\u00a0<\/strong><\/p>\n<p>Zutaten: Zucker, Glukosesirup, Gelatine, Modifizierte Kartoffelst\u00e4rke, Wasser, modifizierte St\u00e4rke <strong><u>(MAIS)<\/u><\/strong>, S\u00e4uerungsmittel: Citronens\u00e4ure, Apfels\u00e4ure, Milchs\u00e4ure, Weins\u00e4ure, Aroma, S\u00e4ureregulator: Trinatriumcitrat, Calciumcitrate, Feuchthaltemittel: Sorbit, f\u00e4rbende Lebensmittel (Saflor, Spirulina, Curcuma, Paprika, Holunder, Brennnessel, Spinat), Apfelsaftkonzentrat, \u00dcberzugsmittel: Carnaubawachs, Farbstoff: E100, E120, E131, E141, E171, E133, E161b, Calciumcarbonat, Palmfett.<\/p>\n<p><strong><u>Kann Spuren von Gluten und Soja enthalten!<\/u><\/strong><\/p>\n<table>\n<tbody>\n<tr>\n<td colspan=\"2\" width=\"578\">\u00a0\u00a0\u00a0\u00a0\u00a0\u00a0\u00a0\u00a0\u00a0\u00a0\u00a0\u00a0\u00a0\u00a0\u00a0\u00a0\u00a0\u00a0\u00a0\u00a0\u00a0\u00a0\u00a0\u00a0\u00a0\u00a0\u00a0\u00a0\u00a0\u00a0\u00a0\u00a0\u00a0\u00a0\u00a0\u00a0\u00a0\u00a0\u00a0\u00a0\u00a0\u00a0\u00a0\u00a0\u00a0 N\u00e4hrwertangaben pro 100g:<\/td>\n<\/tr>\n<tr>\n<td width=\"274\">Energie:<\/td>\n<td width=\"304\">1436 kJ\/338 kcal<\/td>\n<\/tr>\n<tr>\n<td width=\"274\">Fett:<\/td>\n<td width=\"304\">0,07 g<\/td>\n<\/tr>\n<tr>\n<td width=\"274\">&#8211;\u00a0\u00a0\u00a0\u00a0\u00a0\u00a0\u00a0\u00a0\u00a0 davon ges\u00e4ttigte Fetts\u00e4uren:<\/td>\n<td width=\"304\">0,06 g<\/td>\n<\/tr>\n<tr>\n<td width=\"274\">Kohlenhydrate:<\/td>\n<td width=\"304\">79,6 g<\/td>\n<\/tr>\n<tr>\n<td width=\"274\">&#8211;\u00a0\u00a0\u00a0\u00a0\u00a0\u00a0\u00a0\u00a0\u00a0 davon Zucker:<\/td>\n<td width=\"304\">55,7 g<\/td>\n<\/tr>\n<tr>\n<td width=\"274\">Eiwei\u00df:<\/td>\n<td width=\"304\">4,3 g<\/td>\n<\/tr>\n<tr>\n<td width=\"274\">Salz :<\/td>\n<td width=\"304\">0,13 g<\/td>\n<\/tr>\n<\/tbody>\n<\/table>\n","protected":false},"excerpt":{"rendered":"<p>Fruchtgummi sauer\u00a0\u00a0\u00a0\u00a0 \u00a0Inhalt: 70g \u212e \u00a0 Zutaten: Zucker, Glukosesirup, Gelatine, Modifizierte Kartoffelst\u00e4rke, Wasser, modifizierte St\u00e4rke (MAIS), S\u00e4uerungsmittel: Citronens\u00e4ure, Apfels\u00e4ure, Milchs\u00e4ure, Weins\u00e4ure, Aroma, S\u00e4ureregulator: Trinatriumcitrat, Calciumcitrate, Feuchthaltemittel: Sorbit, f\u00e4rbende Lebensmittel (Saflor, Spirulina, Curcuma, Paprika, Holunder, Brennnessel, Spinat), Apfelsaftkonzentrat, \u00dcberzugsmittel: Carnaubawachs, Farbstoff: E100, E120, E131, E141, E171, E133, E161b, Calciumcarbonat, Palmfett. Kann Spuren von Gluten und Soja &hellip; <a href=\"https:\/\/mabuweb.de\/?page_id=31\" class=\"more-link\"><span class=\"screen-reader-text\">Sauer 70 g.<\/span> weiterlesen <span class=\"meta-nav\">&rarr;<\/span><\/a><\/p>\n","protected":false},"author":1,"featured_media":0,"parent":25,"menu_order":0,"comment_status":"closed","ping_status":"closed","template":"","meta":[],"_links":{"self":[{"href":"https:\/\/mabuweb.de\/index.php?rest_route=\/wp\/v2\/pages\/31"}],"collection":[{"href":"https:\/\/mabuweb.de\/index.php?rest_route=\/wp\/v2\/pages"}],"about":[{"href":"https:\/\/mabuweb.de\/index.php?rest_route=\/wp\/v2\/types\/page"}],"author":[{"embeddable":true,"href":"https:\/\/mabuweb.de\/index.php?rest_route=\/wp\/v2\/users\/1"}],"replies":[{"embeddable":true,"href":"https:\/\/mabuweb.de\/index.php?rest_route=%2Fwp%2Fv2%2Fcomments&post=31"}],"version-history":[{"count":1,"href":"https:\/\/mabuweb.de\/index.php?rest_route=\/wp\/v2\/pages\/31\/revisions"}],"predecessor-version":[{"id":33,"href":"https:\/\/mabuweb.de\/index.php?rest_route=\/wp\/v2\/pages\/31\/revisions\/33"}],"up":[{"embeddable":true,"href":"https:\/\/mabuweb.de\/index.php?rest_route=\/wp\/v2\/pages\/25"}],"wp:attachment":[{"href":"https:\/\/mabuweb.de\/index.php?rest_route=%2Fwp%2Fv2%2Fmedia&parent=31"}],"curies":[{"name":"wp","href":"https:\/\/api.w.org\/{rel}","templated":true}]}}