{"id":2,"date":"2014-11-21T04:51:49","date_gmt":"2014-11-21T04:51:49","guid":{"rendered":"http:\/\/localhost\/wordpress-4.0.1\/wordpress\/?page_id=2"},"modified":"2015-09-17T14:48:41","modified_gmt":"2015-09-17T14:48:41","slug":"sample-page","status":"publish","type":"page","link":"https:\/\/mabuweb.de\/","title":{"rendered":"MaBu"},"content":{"rendered":"<p>Die Firma MaBu S\u00fc\u00dfwaren OHG ist ein mittelst\u00e4ndiges deutsches Familienunternehmen, welches 1950 in Wuppertal gegr\u00fcndet wurde und dort auch heute noch ans\u00e4ssig ist. Unser Unternehmen wird mittlerweile in der dritten Generation gef\u00fchrt und besch\u00e4ftigt rund 55 Mitarbeiter. Wir haben uns im Laufe der Zeit mit der Herstellung und Vermarktung von Lebensmitteln mit dem besonderen Augenmerk auf S\u00fc\u00dfwaren spezialisiert. Seit \u00fcber 20 Jahren besch\u00e4ftigen wir uns besonders mit der Konfektionierung von S\u00fc\u00dfwaren-St\u00fcckartikeln, welche wir von den f\u00fchrenden europ\u00e4ischen Markf\u00fchrern beziehen. Diese St\u00fcckartikel werden bei uns neu zusammengestellt und ver\u00e4ndert, damit sie Konsumentengerecht angeboten werden k\u00f6nnen. Lose St\u00fcckartikel wie Fruchtgummischnuller, Kirschohrringe, Cola-Fl\u00e4schchen, Konfektstangen, M\u00e4usespeck etc., die jeder kennt und liebt, jedoch in vielen Verkaufsstellen nicht mehr kaufen kann werden bei uns neu gestaltet und \u00fcber unsere Kunden, die vorrangig in Deutschland, \u00d6sterreich und der Schweiz ans\u00e4ssig sind vertrieben.<\/p>\n<p>&nbsp;<\/p>\n","protected":false},"excerpt":{"rendered":"<p>Die Firma MaBu S\u00fc\u00dfwaren OHG ist ein mittelst\u00e4ndiges deutsches Familienunternehmen, welches 1950 in Wuppertal gegr\u00fcndet wurde und dort auch heute noch ans\u00e4ssig ist. Unser Unternehmen wird mittlerweile in der dritten Generation gef\u00fchrt und besch\u00e4ftigt rund 55 Mitarbeiter. Wir haben uns im Laufe der Zeit mit der Herstellung und Vermarktung von Lebensmitteln mit dem besonderen Augenmerk &hellip; <a href=\"https:\/\/mabuweb.de\/\" class=\"more-link\"><span class=\"screen-reader-text\">MaBu<\/span> weiterlesen <span class=\"meta-nav\">&rarr;<\/span><\/a><\/p>\n","protected":false},"author":1,"featured_media":0,"parent":0,"menu_order":0,"comment_status":"closed","ping_status":"closed","template":"","meta":[],"_links":{"self":[{"href":"https:\/\/mabuweb.de\/index.php?rest_route=\/wp\/v2\/pages\/2"}],"collection":[{"href":"https:\/\/mabuweb.de\/index.php?rest_route=\/wp\/v2\/pages"}],"about":[{"href":"https:\/\/mabuweb.de\/index.php?rest_route=\/wp\/v2\/types\/page"}],"author":[{"embeddable":true,"href":"https:\/\/mabuweb.de\/index.php?rest_route=\/wp\/v2\/users\/1"}],"replies":[{"embeddable":true,"href":"https:\/\/mabuweb.de\/index.php?rest_route=%2Fwp%2Fv2%2Fcomments&post=2"}],"version-history":[{"count":6,"href":"https:\/\/mabuweb.de\/index.php?rest_route=\/wp\/v2\/pages\/2\/revisions"}],"predecessor-version":[{"id":50,"href":"https:\/\/mabuweb.de\/index.php?rest_route=\/wp\/v2\/pages\/2\/revisions\/50"}],"wp:attachment":[{"href":"https:\/\/mabuweb.de\/index.php?rest_route=%2Fwp%2Fv2%2Fmedia&parent=2"}],"curies":[{"name":"wp","href":"https:\/\/api.w.org\/{rel}","templated":true}]}}